{"id":38,"date":"2017-09-11T11:34:25","date_gmt":"2017-09-11T11:34:25","guid":{"rendered":"https:\/\/basurama.org\/zaborrapuztu\/?page_id=38"},"modified":"2018-11-06T11:22:11","modified_gmt":"2018-11-06T11:22:11","slug":"recursos","status":"publish","type":"page","link":"https:\/\/archive.basurama.org\/zaborrapuztu\/recursos\/","title":{"rendered":"Recursos"},"content":{"rendered":"<h2>Manuales<\/h2>\n<p><strong>Manual\u00a0 para construir inflables con pl\u00e1stico usado<\/strong>. Por Basurama.<br \/>\nUn manual en permanente construcci\u00f3n para guiarte en el proceso de construcci\u00f3n de un inflable con pl\u00e1stico rescatado.<br \/>\n<a href=\"http:\/\/bit.ly\/manualinflables\">bit.ly\/manualinflables<\/a><\/p>\n<p><strong>Manual de producci\u00f3n y construcci\u00f3n de espacios para usos m\u00faltiples<\/strong>,<br \/>\ntemporales y disponibles para las pr\u00e1cticas de creaci\u00f3n en las aulas. Escuela compartida (versi\u00f3n A Coru\u00f1a, abril 2018). Por Arragua Arropanieko y Basurama. <a href=\"https:\/\/basurama.org\/zaborrapuztu\/recursos\/1804_zaborra-puztu_laescuelacompartida-dossier-centros_a-coruna\/\">Descarga PDF<\/a>.<\/p>\n<p><strong>Inflatocookbook<\/strong>. Por Ant Farm. 1973<br \/>\nUn manual de construcci\u00f3n con inflables que es ya un cl\u00e1sico. Escrito a partir de las experiencias con inflables del grupo Ant Farm en EE.UU.<br \/>\n<a href=\"http:\/\/web.media.mit.edu\/~bcroy\/inflato-splitpages-small.pdf\">http:\/\/web.media.mit.edu\/~bcroy\/inflato-splitpages-small.pdf<\/a><\/p>\n<p><strong>Inflatable DIY cookbook<\/strong>. Por Daniele Mancini. 2010<br \/>\nUn manual para construir inflables. Dibujos f\u00e1ciles de entender.<br \/>\n<a href=\"http:\/\/issuu.com\/unpacked\/docs\/booklet_inflatable_diy\">http:\/\/issuu.com\/unpacked\/docs\/booklet_inflatable_diy<\/a><\/p>\n<p><strong><a href=\"https:\/\/basurama.org\/blog\/tag\/zaborra-puztu\/\">Serie de textos que documentan la construcci\u00f3n de inflables Zaborra Puztu<\/a><\/strong>\u00a0(2017) en colaboraci\u00f3n con el centro escolar p\u00fablico de Lekeitio (Bizkaia) dentro del marco de KALEKA, Festival internacional de teatro de calle de Lekeitio.<\/p>\n<h2>C\u00e1lculadora de superficies y de n\u00famero de bolsas necesarias<\/h2>\n<figure id=\"attachment_114\" aria-describedby=\"caption-attachment-114\" style=\"width: 525px\" class=\"wp-caption alignnone\"><img loading=\"lazy\" decoding=\"async\" class=\"size-large wp-image-114\" src=\"https:\/\/basurama.org\/zaborrapuztu\/wp-content\/uploads\/sites\/12\/2017\/09\/cilindro-base-plana-calculos-hoja-calculo-1024x636.png\" alt=\"\" width=\"525\" height=\"326\" srcset=\"https:\/\/archive.basurama.org\/zaborrapuztu\/wp-content\/uploads\/sites\/11\/2017\/09\/cilindro-base-plana-calculos-hoja-calculo-1024x636.png 1024w, https:\/\/archive.basurama.org\/zaborrapuztu\/wp-content\/uploads\/sites\/11\/2017\/09\/cilindro-base-plana-calculos-hoja-calculo-300x186.png 300w, https:\/\/archive.basurama.org\/zaborrapuztu\/wp-content\/uploads\/sites\/11\/2017\/09\/cilindro-base-plana-calculos-hoja-calculo-768x477.png 768w, https:\/\/archive.basurama.org\/zaborrapuztu\/wp-content\/uploads\/sites\/11\/2017\/09\/cilindro-base-plana-calculos-hoja-calculo.png 1076w\" sizes=\"auto, (max-width: 525px) 100vw, 525px\" \/><figcaption id=\"caption-attachment-114\" class=\"wp-caption-text\">Calculadora de n\u00ba de bolsas y de medidas.<\/figcaption><\/figure>\n<p>Una hoja de c\u00e1lculo para calcular la superficie de tu inflable, el n\u00famero de bolsas necesarias y las medidas de cada una de las piezas. <a href=\"https:\/\/docs.google.com\/spreadsheets\/d\/1JFnt_1mMmgCCQyWi7cDxmgRrtxSTeWUUydmCyjkGZbk\/edit#gid=0\">https:\/\/docs.google.com\/spreadsheets\/d\/1JFnt_1mMmgCCQyWi7cDxmgRrtxSTeWUUydmCyjkGZbk\/edit#gid=0<\/a><\/p>\n<h2>V\u00eddeos<\/h2>\n<p>C\u00f3mo no trabajar con una burbuja de pl\u00e1stico (si hay viento)<\/p>\n<p><iframe loading=\"lazy\" title=\"How to manage an inflatable (Como manejar un hinchable)\" src=\"https:\/\/player.vimeo.com\/video\/190684495?dnt=1&amp;app_id=122963\" width=\"525\" height=\"295\" frameborder=\"0\" allow=\"autoplay; fullscreen; picture-in-picture; clipboard-write; encrypted-media; web-share\" referrerpolicy=\"strict-origin-when-cross-origin\"><\/iframe><\/p>\n<p>C\u00f3mo cortar una bolsa de pl\u00e1stico (<a href=\"https:\/\/basurama.org\/blog\/2016\/04\/22\/como-cortar-una-bolsa-de-plastico-hacer-inflable\/\">m\u00e1s informaci\u00f3n<\/a>)<\/p>\n<p><iframe loading=\"lazy\" title=\"C\u00f3mo cortar una bolsa de pl\u00e1stico en forma rectangular\" width=\"525\" height=\"295\" src=\"https:\/\/www.youtube.com\/embed\/2qx_bJI6WS8?feature=oembed\" frameborder=\"0\" allow=\"accelerometer; autoplay; clipboard-write; encrypted-media; gyroscope; picture-in-picture; web-share\" referrerpolicy=\"strict-origin-when-cross-origin\" allowfullscreen><\/iframe><\/p>\n<h2>Ejemplos<\/h2>\n<p><a href=\"https:\/\/basurama.org\/proyectos\/?cat=in-love-we-trash\" rel=\"attachment wp-att-123\"><img loading=\"lazy\" decoding=\"async\" class=\"alignleft size-large wp-image-123\" src=\"https:\/\/basurama.org\/zaborrapuztu\/wp-content\/uploads\/sites\/12\/2017\/09\/expo_borobilbi_ejemplos-basurama-1024x683.jpg\" alt=\"\" width=\"525\" height=\"350\" srcset=\"https:\/\/archive.basurama.org\/zaborrapuztu\/wp-content\/uploads\/sites\/11\/2017\/09\/expo_borobilbi_ejemplos-basurama-1024x683.jpg 1024w, https:\/\/archive.basurama.org\/zaborrapuztu\/wp-content\/uploads\/sites\/11\/2017\/09\/expo_borobilbi_ejemplos-basurama-300x200.jpg 300w, https:\/\/archive.basurama.org\/zaborrapuztu\/wp-content\/uploads\/sites\/11\/2017\/09\/expo_borobilbi_ejemplos-basurama-768x512.jpg 768w, https:\/\/archive.basurama.org\/zaborrapuztu\/wp-content\/uploads\/sites\/11\/2017\/09\/expo_borobilbi_ejemplos-basurama.jpg 1200w\" sizes=\"auto, (max-width: 525px) 100vw, 525px\" \/><\/a><\/p>\n<p>Puedes ver l<a href=\"https:\/\/basurama.org\/proyectos\/?cat=in-love-we-trash\">os inflables que ha construido Basurama en los \u00faltimo a\u00f1os con pl\u00e1stico rescatado<\/a>\u00a0(foto de la exposici\u00f3n de inflables en Borobilbi, Bilbao 2017).<\/p>\n","protected":false},"excerpt":{"rendered":"<p>Manuales Manual\u00a0 para construir inflables con pl\u00e1stico usado. Por Basurama. Un manual en permanente construcci\u00f3n para guiarte en el proceso de construcci\u00f3n de un inflable con pl\u00e1stico rescatado. bit.ly\/manualinflables Manual de producci\u00f3n y construcci\u00f3n de espacios para usos m\u00faltiples, temporales y disponibles para las pr\u00e1cticas de creaci\u00f3n en las aulas. Escuela compartida (versi\u00f3n A Coru\u00f1a, &hellip; <\/p>\n<p class=\"link-more\"><a href=\"https:\/\/archive.basurama.org\/zaborrapuztu\/recursos\/\" class=\"more-link\">Continuar leyendo<span class=\"screen-reader-text\"> \u00abRecursos\u00bb<\/span><\/a><\/p>\n","protected":false},"author":1,"featured_media":0,"parent":0,"menu_order":0,"comment_status":"closed","ping_status":"closed","template":"","meta":{"footnotes":""},"class_list":["post-38","page","type-page","status-publish","hentry"],"_links":{"self":[{"href":"https:\/\/archive.basurama.org\/zaborrapuztu\/wp-json\/wp\/v2\/pages\/38","targetHints":{"allow":["GET"]}}],"collection":[{"href":"https:\/\/archive.basurama.org\/zaborrapuztu\/wp-json\/wp\/v2\/pages"}],"about":[{"href":"https:\/\/archive.basurama.org\/zaborrapuztu\/wp-json\/wp\/v2\/types\/page"}],"author":[{"embeddable":true,"href":"https:\/\/archive.basurama.org\/zaborrapuztu\/wp-json\/wp\/v2\/users\/1"}],"replies":[{"embeddable":true,"href":"https:\/\/archive.basurama.org\/zaborrapuztu\/wp-json\/wp\/v2\/comments?post=38"}],"version-history":[{"count":6,"href":"https:\/\/archive.basurama.org\/zaborrapuztu\/wp-json\/wp\/v2\/pages\/38\/revisions"}],"predecessor-version":[{"id":124,"href":"https:\/\/archive.basurama.org\/zaborrapuztu\/wp-json\/wp\/v2\/pages\/38\/revisions\/124"}],"wp:attachment":[{"href":"https:\/\/archive.basurama.org\/zaborrapuztu\/wp-json\/wp\/v2\/media?parent=38"}],"curies":[{"name":"wp","href":"https:\/\/api.w.org\/{rel}","templated":true}]}}