{"id":10,"date":"2017-09-11T10:52:56","date_gmt":"2017-09-11T10:52:56","guid":{"rendered":"https:\/\/basurama.org\/zaborrapuztu\/?page_id=10"},"modified":"2017-10-13T22:53:16","modified_gmt":"2017-10-13T22:53:16","slug":"quienes","status":"publish","type":"page","link":"https:\/\/archive.basurama.org\/zaborrapuztu\/quienes\/","title":{"rendered":"Qui\u00e9nes"},"content":{"rendered":"<p>Zaborra puztu es una iniciativa promovida entre Basurama y Arropaineko Arragua.<\/p>\n<h2>Promotores<\/h2>\n<p><span style=\"font-weight: 400;\"><a href=\"https:\/\/basurama.org\">Basurama<\/a> es una asociaci\u00f3n sin \u00e1nimo de lucro dedicada a la investigaci\u00f3n y acci\u00f3n sobre la producci\u00f3n y reutilizaci\u00f3n de residuos. Sus proyectos se llevan a cabo a trav\u00e9s de m\u00faltiples formatos y procesos como talleres colaborativos, intervenciones en el espacio p\u00fablico, fotograf\u00edas, v\u00eddeos y trabajan con todo tipo de instituciones y colaboradores, desde asociaciones de vecinos a ayuntamientos. Sus miembros se encuentran en Madrid, Mil\u00e1n y Bilbao y trabajan internacionalmente.<\/span><\/p>\n<p><a href=\"http:\/\/www.arragua.org\">Arragua<\/a> es un dispositivo para el desarrollo de las pr\u00e1cticas de creaci\u00f3n contempor\u00e1nea. Arropaineko Arragua est\u00e1 situado a orillas de la r\u00eda Lea de Lekeitio, y orienta sus acciones en el espacio comprendido en la intersecci\u00f3n entre dos \u00e1mbitos: el de las pr\u00e1cticas de creaci\u00f3n y el de la transmisi\u00f3n de conocimiento (pedagog\u00edas).<br \/>\nUno de los programas que desarrolla, titulado \u201cera.bil.era\u201d ( era= forma, manera \/ erabilera=uso) \u00a0se (pre)ocupa de<\/p>\n<h2>Colaboradores<\/h2>\n<p><span style=\"font-weight: 400;\"><a href=\"http:\/\/www.kaleka.eus\/\">KALEKA<\/a>. Festival Internacional de Teatro de Calle de Lekeitio, fundado en 1989, es pionero en el \u00e1mbito de las artes de calle en Euskal Herria. KALEKA promueve la relaci\u00f3n con trabajos de artistas y colectivos de diversos \u00e1mbitos de la creaci\u00f3n que propongan trabajos de intervenci\u00f3n en el espacio p\u00fablico, espacios singulares o de valor patrimonial, incluyendo pero no limit\u00e1ndose a las artes esc\u00e9nicas.<\/span><\/p>\n<h2>Participantes<\/h2>\n<p>Esperamos que esta lista se haga m\u00e1s grande con el tiempo. De momento han colaborado:<\/p>\n<ul>\n<li>Escuela P\u00fablica de Lekeitio<\/li>\n<li>Escuela P\u00fablica de Amoroto<\/li>\n<\/ul>\n","protected":false},"excerpt":{"rendered":"<p>Zaborra puztu es una iniciativa promovida entre Basurama y Arropaineko Arragua. Promotores Basurama es una asociaci\u00f3n sin \u00e1nimo de lucro dedicada a la investigaci\u00f3n y acci\u00f3n sobre la producci\u00f3n y reutilizaci\u00f3n de residuos. Sus proyectos se llevan a cabo a trav\u00e9s de m\u00faltiples formatos y procesos como talleres colaborativos, intervenciones en el espacio p\u00fablico, fotograf\u00edas, &hellip; <\/p>\n<p class=\"link-more\"><a href=\"https:\/\/archive.basurama.org\/zaborrapuztu\/quienes\/\" class=\"more-link\">Continuar leyendo<span class=\"screen-reader-text\"> \u00abQui\u00e9nes\u00bb<\/span><\/a><\/p>\n","protected":false},"author":1,"featured_media":0,"parent":0,"menu_order":0,"comment_status":"closed","ping_status":"closed","template":"","meta":{"footnotes":""},"class_list":["post-10","page","type-page","status-publish","hentry"],"_links":{"self":[{"href":"https:\/\/archive.basurama.org\/zaborrapuztu\/wp-json\/wp\/v2\/pages\/10","targetHints":{"allow":["GET"]}}],"collection":[{"href":"https:\/\/archive.basurama.org\/zaborrapuztu\/wp-json\/wp\/v2\/pages"}],"about":[{"href":"https:\/\/archive.basurama.org\/zaborrapuztu\/wp-json\/wp\/v2\/types\/page"}],"author":[{"embeddable":true,"href":"https:\/\/archive.basurama.org\/zaborrapuztu\/wp-json\/wp\/v2\/users\/1"}],"replies":[{"embeddable":true,"href":"https:\/\/archive.basurama.org\/zaborrapuztu\/wp-json\/wp\/v2\/comments?post=10"}],"version-history":[{"count":5,"href":"https:\/\/archive.basurama.org\/zaborrapuztu\/wp-json\/wp\/v2\/pages\/10\/revisions"}],"predecessor-version":[{"id":76,"href":"https:\/\/archive.basurama.org\/zaborrapuztu\/wp-json\/wp\/v2\/pages\/10\/revisions\/76"}],"wp:attachment":[{"href":"https:\/\/archive.basurama.org\/zaborrapuztu\/wp-json\/wp\/v2\/media?parent=10"}],"curies":[{"name":"wp","href":"https:\/\/api.w.org\/{rel}","templated":true}]}}