{"id":6,"date":"2011-12-28T14:31:51","date_gmt":"2011-12-28T14:31:51","guid":{"rendered":"https:\/\/basurama.org\/rus\/?page_id=6"},"modified":"2012-01-24T15:10:28","modified_gmt":"2012-01-24T15:10:28","slug":"distribucion","status":"publish","type":"page","link":"https:\/\/archive.basurama.org\/rus\/distribucion\/","title":{"rendered":"Distribuci\u00f3n"},"content":{"rendered":"<p>Distribuye <a href=\"http:\/\/www.delirio.es\">Editorial Delirio<\/a><\/p>\n<p>Precio: 15\u20ac<br \/>\nTama\u00f1o: 23,6 x 16,13 cm; 212 p\u00e1gs.<br \/>\n<a href=\"https:\/\/basurama.org\/ftp_publico\/110920_RUS-Publicacion\/111122_RUS-Libro.pdf\"> Descarga directa en PDF (37M)<\/a><\/p>\n<p>En Madrid<\/p>\n<blockquote><p><strong><a href=\"http:\/\/traficantes.net\/\">TRAFICANTES DE SUE\u00d1OS<\/a><\/strong><br \/>\nEmbajadores 35, Local 6-Bajo. 28012 Madrid. 91 532 09 28<br \/>\n<a href=\"http:\/\/traficantes.net\/index.php\/libreria\/catalogo\/libros\/RUS-Residuos-Urbanos-Solidos-Basura-y-espacio-publico-en-Latinoamerica-2008-2010\">Rese\u00f1a <\/a><\/p>\n<p><strong>ARREBATO LIBROS<\/strong><br \/>\nc\/La Palma 21. 28004 Madrid. 912821111<\/p>\n<p><strong>NAOS LIBROS S.L.<\/strong><br \/>\nc\/ Quintana 12,\u00a028008 Madrid.\u00a0915473916<\/p>\n<p><strong>LA MARABUNTA<br \/>\n<\/strong>C\/ Torrecilla del Leal, 32. 28012, Madrid. 915305555<\/p>\n<p><strong>TIPOS INFAMES<\/strong><br \/>\nSan Joaqu\u00edn 3, 28004 MADRID. 915 228 939<\/p>\n<p><strong>LAIE CAIXAFORUM<\/strong><br \/>\nPaseo del Prado 36. 28014 MADRID. 34 913 896 545<\/p>\n<p><strong>Panta Rhei. Librer\u00eda<br \/>\n<\/strong>Hern\u00e1n Cort\u00e9s, 7. 28004 Madrid. 91 319 89 02<\/p>\n<p><strong>LA CENTRAL<\/strong><br \/>\nRonda de Atocha, 2. 28012, Madrid. 917878782<\/p><\/blockquote>\n<p><strong>En Barcelona<\/strong><\/p>\n<blockquote><p><strong>LAIE CCCB<\/strong><br \/>\nMontalegre 5, 08001 Barcelona. 93 481 38 86<\/p>\n<p><strong>TAIFA LLIBRES<\/strong><br \/>\nc\/Verdi 12. 08012 Barcelona. 932176621<\/p><\/blockquote>\n<p>En Zaragoza<\/p>\n<blockquote><p><strong>LA PANTERA ROSSA<br \/>\n<\/strong>San Vicente de Pa\u00fal, 28, 50001, Zaragoza. \u00a0976203608<\/p>\n<p><strong>LIBRER\u00cdA ANT\u00cdGONA<br \/>\n<\/strong>C\/ Pedro Cerbuna, 25. 50009 Zaragoza. 976353075<\/p><\/blockquote>\n<p>En Salamanca<\/p>\n<blockquote><p><strong>LIBRER\u00cdA HYDRIA<br \/>\n<\/strong>Plaza de la Fuente 17, 37002 SALAMANCA. 923271485<\/p><\/blockquote>\n<p>En Sevilla<\/p>\n<blockquote><p><strong>LIBRER\u00cdA C\u00c9FIR<br \/>\n<\/strong>OVirgen de los buenos libros, 1. 42002 SEVILLA. 954 215 883<\/p>\n<p><strong><br \/>\n<\/strong><\/p><\/blockquote>\n<p><a href=\"http:\/\/www.laie.es\/libro\/rus-residuos-urbanos-solidos\/754081\/978-84-938607-3-8\">M\u00e1s informaci\u00f3n<\/a><\/p>\n<p>&nbsp;<\/p>\n","protected":false},"excerpt":{"rendered":"<p>Distribuye Editorial Delirio Precio: 15\u20ac Tama\u00f1o: 23,6 x 16,13 cm; 212 p\u00e1gs. Descarga directa en PDF (37M) En Madrid TRAFICANTES DE SUE\u00d1OS Embajadores 35, Local 6-Bajo. 28012 Madrid. 91 532 09 28 Rese\u00f1a ARREBATO LIBROS c\/La Palma 21. 28004 Madrid. 912821111 NAOS LIBROS S.L. c\/ Quintana 12,\u00a028008 Madrid.\u00a0915473916 LA MARABUNTA C\/ Torrecilla del Leal, 32. [&hellip;]<\/p>\n","protected":false},"author":1,"featured_media":0,"parent":0,"menu_order":0,"comment_status":"open","ping_status":"open","template":"","meta":{"footnotes":""},"class_list":["post-6","page","type-page","status-publish","hentry"],"_links":{"self":[{"href":"https:\/\/archive.basurama.org\/rus\/wp-json\/wp\/v2\/pages\/6","targetHints":{"allow":["GET"]}}],"collection":[{"href":"https:\/\/archive.basurama.org\/rus\/wp-json\/wp\/v2\/pages"}],"about":[{"href":"https:\/\/archive.basurama.org\/rus\/wp-json\/wp\/v2\/types\/page"}],"author":[{"embeddable":true,"href":"https:\/\/archive.basurama.org\/rus\/wp-json\/wp\/v2\/users\/1"}],"replies":[{"embeddable":true,"href":"https:\/\/archive.basurama.org\/rus\/wp-json\/wp\/v2\/comments?post=6"}],"version-history":[{"count":10,"href":"https:\/\/archive.basurama.org\/rus\/wp-json\/wp\/v2\/pages\/6\/revisions"}],"predecessor-version":[{"id":108,"href":"https:\/\/archive.basurama.org\/rus\/wp-json\/wp\/v2\/pages\/6\/revisions\/108"}],"wp:attachment":[{"href":"https:\/\/archive.basurama.org\/rus\/wp-json\/wp\/v2\/media?parent=6"}],"curies":[{"name":"wp","href":"https:\/\/api.w.org\/{rel}","templated":true}]}}