{"id":2,"date":"2011-12-28T13:33:25","date_gmt":"2011-12-28T13:33:25","guid":{"rendered":"https:\/\/basurama.org\/rus\/?page_id=2"},"modified":"2012-10-26T20:44:32","modified_gmt":"2012-10-26T20:44:32","slug":"pagina-ejemplo","status":"publish","type":"page","link":"https:\/\/archive.basurama.org\/rus\/","title":{"rendered":"Inicio"},"content":{"rendered":"<p><object width=\"560\" height=\"315\"><param name=\"movie\" value=\"http:\/\/www.youtube.com\/v\/Bn1KLKdBrFU?version=3&amp;hl=es_ES\" \/><param name=\"allowFullScreen\" value=\"true\" \/><param name=\"allowscriptaccess\" value=\"always\" \/><embed type=\"application\/x-shockwave-flash\" width=\"560\" height=\"315\" src=\"http:\/\/www.youtube.com\/v\/Bn1KLKdBrFU?version=3&amp;hl=es_ES\" allowscriptaccess=\"always\" allowfullscreen=\"true\"><\/embed><\/object><\/p>\n<p><img loading=\"lazy\" decoding=\"async\" class=\"size-medium wp-image-123 alignleft\" style=\"margin-left: 5px; margin-right: 5px;\" title=\"portada-rus-libro\" src=\"https:\/\/basurama.org\/rus\/wp-content\/blogs.dir\/7\/files\/sites\/7\/2011\/12\/portada-rus-libro-300x232.jpg\" alt=\"\" width=\"210\" height=\"162\" srcset=\"https:\/\/archive.basurama.org\/rus\/wp-content\/blogs.dir\/7\/files\/sites\/7\/2011\/12\/portada-rus-libro-300x232.jpg 300w, https:\/\/archive.basurama.org\/rus\/wp-content\/blogs.dir\/7\/files\/sites\/7\/2011\/12\/portada-rus-libro-1024x792.jpg 1024w, https:\/\/archive.basurama.org\/rus\/wp-content\/blogs.dir\/7\/files\/sites\/7\/2011\/12\/portada-rus-libro.jpg 1500w\" sizes=\"auto, (max-width: 210px) 100vw, 210px\" \/><\/p>\n<div style=\"width: 360px; margin-left: 230px; font-size: 16px !important; line-height: 20px;\">\n<p>Esta publicaci\u00f3n es una decantaci\u00f3n reflexiva y descriptiva del proyecto experimental <a href=\"https:\/\/basurama.org\/general\/rus-residuos-urbanos-solidos\">RUS (Residuos Urbanos S\u00f3lidos)<\/a> que se llev\u00f3 acabo en Latinoam\u00e9rica entre los a\u00f1os 2008 y 2010 y que actualmente se sigue desarrollando en m\u00e1s ciudades alrededor del mundo. Pretende ser un cuaderno de bit\u00e1cora donde contar un proceso que se ha extendido durante m\u00e1s de dos a\u00f1os y que no est\u00e1 ni mucho menos cerrado. Tras esta primera trayectoria consideramos necesaria una peque\u00f1a parada para echar la vista atr\u00e1s y toda la energ\u00eda hacia delante. Creemos que puede resultar interesante, tambi\u00e9n para otros, conocer el entorno, las personas, los conflictos, los problemas que nos hemos ido encontrando y que han estado presentes a lo largo de este tiempo adem\u00e1s de las propuestas que finalmente se han llevado a cabo. Esperamos que pueda servir tambi\u00e9n como un manual abierto de pr\u00e1cticas en la calle.<\/p>\n<\/div>\n<p><object id=\"9258af29-42a6-f45b-49c1-240c5eaabca0\" style=\"width: 550px; height: 396px;\" classid=\"clsid:D27CDB6E-AE6D-11cf-96B8-444553540000\"><param name=\"movie\" value=\"http:\/\/static.issuu.com\/webembed\/viewers\/style1\/v2\/IssuuReader.swf?mode=mini&amp;backgroundColor=%23222222&amp;documentId=111230095950-780203b169724085ae856558cf2c66f7\" \/><param name=\"allowfullscreen\" value=\"true\" \/><param name=\"menu\" value=\"false\" \/><param name=\"wmode\" value=\"transparent\" \/><embed style=\"width: 550px; height: 396px;\" type=\"application\/x-shockwave-flash\" src=\"http:\/\/static.issuu.com\/webembed\/viewers\/style1\/v2\/IssuuReader.swf\" allowfullscreen=\"true\" menu=\"false\" wmode=\"transparent\" flashvars=\"mode=mini&amp;backgroundColor=%23222222&amp;documentId=111230095950-780203b169724085ae856558cf2c66f7\"><\/embed><\/object><\/p>\n<p>Puedes <a href=\"http:\/\/issuu.com\/basurama\/docs\/rus-libro\">ver tambi\u00e9n el libro en issuu<\/a>.<\/p>\n","protected":false},"excerpt":{"rendered":"<p>Esta publicaci\u00f3n es una decantaci\u00f3n reflexiva y descriptiva del proyecto experimental RUS (Residuos Urbanos S\u00f3lidos) que se llev\u00f3 acabo en Latinoam\u00e9rica entre los a\u00f1os 2008 y 2010 y que actualmente se sigue desarrollando en m\u00e1s ciudades alrededor del mundo. Pretende ser un cuaderno de bit\u00e1cora donde contar un proceso que se ha extendido durante m\u00e1s [&hellip;]<\/p>\n","protected":false},"author":1,"featured_media":0,"parent":0,"menu_order":0,"comment_status":"open","ping_status":"closed","template":"page-portada.php","meta":{"footnotes":""},"class_list":["post-2","page","type-page","status-publish","hentry"],"_links":{"self":[{"href":"https:\/\/archive.basurama.org\/rus\/wp-json\/wp\/v2\/pages\/2","targetHints":{"allow":["GET"]}}],"collection":[{"href":"https:\/\/archive.basurama.org\/rus\/wp-json\/wp\/v2\/pages"}],"about":[{"href":"https:\/\/archive.basurama.org\/rus\/wp-json\/wp\/v2\/types\/page"}],"author":[{"embeddable":true,"href":"https:\/\/archive.basurama.org\/rus\/wp-json\/wp\/v2\/users\/1"}],"replies":[{"embeddable":true,"href":"https:\/\/archive.basurama.org\/rus\/wp-json\/wp\/v2\/comments?post=2"}],"version-history":[{"count":62,"href":"https:\/\/archive.basurama.org\/rus\/wp-json\/wp\/v2\/pages\/2\/revisions"}],"predecessor-version":[{"id":15,"href":"https:\/\/archive.basurama.org\/rus\/wp-json\/wp\/v2\/pages\/2\/revisions\/15"}],"wp:attachment":[{"href":"https:\/\/archive.basurama.org\/rus\/wp-json\/wp\/v2\/media?parent=2"}],"curies":[{"name":"wp","href":"https:\/\/api.w.org\/{rel}","templated":true}]}}