{"id":29037,"date":"2021-03-05T11:04:33","date_gmt":"2021-03-05T11:04:33","guid":{"rendered":"https:\/\/basurama.org\/?page_id=29037"},"modified":"2021-03-15T23:53:50","modified_gmt":"2021-03-15T23:53:50","slug":"manuals","status":"publish","type":"page","link":"https:\/\/archive.basurama.org\/en\/manuals\/","title":{"rendered":"MANUALS"},"content":{"rendered":"<div class=\"cols-wrapper cols-4\">\n<div class=\"col\">\n<p><a href=\"https:\/\/docs.google.com\/open?id=0B5Y5Nd6FLcFbSEpiMnBwVW0xTU0\"><img loading=\"lazy\" decoding=\"async\" class=\"alignnone size-thumbnail wp-image-23359\" src=\"https:\/\/basurama.org\/wp-content\/uploads\/2013\/01\/moto-pneus-150x150.png\" alt=\"moto-pneus\" width=\"150\" height=\"150\" srcset=\"https:\/\/archive.basurama.org\/wp-content\/uploads\/2013\/01\/moto-pneus-150x150.png 150w, https:\/\/archive.basurama.org\/wp-content\/uploads\/2013\/01\/moto-pneus-300x300.png 300w, https:\/\/archive.basurama.org\/wp-content\/uploads\/2013\/01\/moto-pneus.png 694w\" sizes=\"auto, (max-width: 150px) 100vw, 150px\" \/><\/a><br \/>\nTire motocycle <a href=\"https:\/\/docs.google.com\/open?id=0B5Y5Nd6FLcFbSEpiMnBwVW0xTU0\">&#8220;Motocicleta de pneus&#8221;<\/a> (POR)<\/p>\n<\/div>\n<div class=\"col\"><a href=\"https:\/\/drive.google.com\/file\/d\/0B5Y5Nd6FLcFbY2FKZXVtTEFnRVU\/edit?usp=sharing\"><img loading=\"lazy\" decoding=\"async\" class=\"alignnone wp-image-23351\" src=\"https:\/\/basurama.org\/wp-content\/uploads\/2013\/01\/dodecapneudro-e1425289855662-150x150.png\" alt=\"dodecapneudro\" width=\"167\" height=\"173\" \/><\/a><span id=\"result_box\" class=\"short_text\" lang=\"en\"><span class=\"hps\">Tire <\/span><span class=\"hps\">Dodecadro<\/span><\/span><a href=\"https:\/\/drive.google.com\/file\/d\/0B5Y5Nd6FLcFbY2FKZXVtTEFnRVU\/edit?usp=sharing\">&#8220;DodecaPNEUdro&#8221; <\/a>(POR)<\/div>\n<div class=\"col\"><a href=\"https:\/\/drive.google.com\/file\/d\/0B5Y5Nd6FLcFbT192eEduWWhUN1U\/edit?usp=sharing\"><img loading=\"lazy\" decoding=\"async\" class=\"alignnone wp-image-24908 \" src=\"https:\/\/basurama.org\/wp-content\/uploads\/2015\/03\/estructura-espiral-150x150.jpg\" alt=\"estructura espiral\" width=\"154\" height=\"193\" \/><\/a><span id=\"result_box\" class=\"short_text\" lang=\"en\"><span class=\"hps\">Spiral structure<\/span><\/span><a href=\"https:\/\/drive.google.com\/file\/d\/0B5Y5Nd6FLcFbT192eEduWWhUN1U\/edit?usp=sharing\"><span id=\"result_box\" class=\"short_text\" lang=\"en\"><span class=\"hps\"> &#8220;<\/span><\/span>Estrutura espiral&#8221;<\/a> (POR)<\/div>\n<div class=\"col nomargin\"><a href=\"https:\/\/basurama.org\/img_b05\/fichas_expo\/ficha_sofa_neumatico_p.jpg\"><img loading=\"lazy\" decoding=\"async\" class=\"alignnone wp-image-24882 \" src=\"https:\/\/basurama.org\/wp-content\/uploads\/2015\/03\/sofa-neumatico-150x150.jpg\" alt=\"sofa neumatico\" width=\"169\" height=\"211\" \/><\/a> Tire sofa<a href=\"https:\/\/basurama.org\/img_b05\/fichas_expo\/ficha_sofa_neumatico_p.jpg\"> (ESP)<\/a><a href=\"https:\/\/docs.google.com\/file\/d\/0B5Y5Nd6FLcFbdjctaGxiYVlvQXM\/edit\"> (POR)<\/a><\/div>\n<\/div>\n<p>&nbsp;<\/p>\n<div class=\"cols-wrapper cols-4\">\n<div class=\"col\">\n<p><a href=\"https:\/\/basurama.org\/wp-content\/uploads\/2015\/03\/puente-de-ruedas.jpg\"><img loading=\"lazy\" decoding=\"async\" class=\"alignnone size-medium wp-image-24909\" src=\"https:\/\/basurama.org\/wp-content\/uploads\/2015\/03\/puente-de-ruedas-300x175.jpg\" alt=\"puente de ruedas\" width=\"300\" height=\"175\" srcset=\"https:\/\/archive.basurama.org\/wp-content\/uploads\/2015\/03\/puente-de-ruedas-300x175.jpg 300w, https:\/\/archive.basurama.org\/wp-content\/uploads\/2015\/03\/puente-de-ruedas.jpg 477w\" sizes=\"auto, (max-width: 300px) 100vw, 300px\" \/><\/a><\/p>\n<p>Tire bridge<a href=\"https:\/\/drive.google.com\/file\/d\/0B5Y5Nd6FLcFbbmxLMUg2ek1zVVk\/edit?usp=sharing\">&#8220;Ponte de pneus&#8221; <\/a>(POR)<\/p>\n<\/div>\n<div class=\"col\"><\/div>\n<div class=\"col\"><\/div>\n<div class=\"col nomargin\"><\/div>\n<\/div>\n<div class=\"documents-list cols-wrapper cols-4\">\r\n<div class=\"col\">\r\n\t<a style=\"display: block;\" href=\"https:\/\/basurama.org\/img_b05\/fichas_expo\/ficha_sofa_neumatico_p.jpg\">\r\n\t\t<img decoding=\"async\" class=\"wp-image\" style=\"height: 180px;\" src=\"https:\/\/archive.basurama.org\/wp-content\/uploads\/2015\/03\/sofa-neumatico.jpg\" alt=\"Tire sofa\">\r\n\t<\/a><br>\r\n\t<a class=\"\" title=\"Permalink to Tire sofa\" href=\"https:\/\/basurama.org\/img_b05\/fichas_expo\/ficha_sofa_neumatico_p.jpg\" rel=\"bookmark\"><strong>Tire sofa<\/strong><\/a>. Basurama (ESP\/POR)\r\n<\/div>\r\n\r\n<div class=\"col\">\r\n\t<a style=\"display: block;\" href=\"https:\/\/drive.google.com\/file\/d\/0B5Y5Nd6FLcFbT192eEduWWhUN1U\/edit\">\r\n\t\t<img decoding=\"async\" class=\"wp-image\" style=\"height: 180px;\" src=\"https:\/\/archive.basurama.org\/wp-content\/uploads\/2015\/03\/estructura-espiral.jpg\" alt=\"Spiral structure\">\r\n\t<\/a><br>\r\n\t<a class=\"\" title=\"Permalink to Spiral structure\" href=\"https:\/\/drive.google.com\/file\/d\/0B5Y5Nd6FLcFbT192eEduWWhUN1U\/edit\" rel=\"bookmark\"><strong>Spiral structure<\/strong><\/a>. Basurama (POR)\r\n<\/div>\r\n<\/div>\n<ul>\n<li><span id=\"result_box\" class=\"short_text\" lang=\"es\"><span class=\"hps\">How to cut a tire<\/span> <\/span><a href=\"https:\/\/docs.google.com\/document\/d\/1tyxMdptswIrRDtq2mgzXCmw7caRKs8QNKDfZq_nLZ7o\/edit#\">&#8220;Como cortar os aros laterais de um pneus&#8221;<\/a> (POR)<\/li>\n<li>Instructions for build a swing<a href=\"https:\/\/docs.google.com\/document\/d\/1nQU4Gm9ifeb7Qe4Ow8eyB8iX3aAsUtqIjfkJufMH2to\/edit\"> &#8220;Manual de instru\u00e7\u00f5es para constru\u00e7\u00e3o de balan\u00e7os&#8221;<\/a> (POR)<\/li>\n<li><span id=\"result_box\" class=\"short_text\" lang=\"en\"><span class=\"hps\">The<\/span> <span class=\"hps\">rosetta<\/span> <span class=\"hps\">stone<\/span> <span class=\"hps\">tools <\/span><\/span><a href=\"http:\/\/bit.ly\/toolstranslate\">&#8220;La piedra rosetta de las herramientas&#8221;<\/a> (ESP\/ENG\/POR\/FRA)<\/li>\n<li>Libro de recetas para la ocupaci\u00f3n del espacio p\u00fablico<a href=\"https:\/\/docs.google.com\/document\/d\/1Bxo1_RR8LcOJLhTcwDymPObOcF01oX2dCxvIIplszic\/edit#heading=h.l80pumpdsd5k\"> &#8220;Livro de Receitas de Ocupa\u00e7\u00f5es no Espa\u00e7o P\u00fablico&#8221;<\/a> (POR)<\/li>\n<li>Instructions for building inflatables with reused plastic<a href=\"https:\/\/docs.google.com\/document\/d\/1AxKPBKO8rveqc0MDfrNiIaFrMupkIt87VtChESHM8o8\/edit\">&#8220;Manual de instru\u00e7\u00f5es para constru\u00e7\u00e3o de arquiteturas infl\u00e1veis com pl\u00e1sticos reciclados&#8221;<\/a> (POR)<\/li>\n<li><span id=\"result_box\" class=\"short_text\" lang=\"en\"><span class=\"hps\">How to build<\/span> <span class=\"hps\">an inflatable<\/span> with <span class=\"hps\">reused <\/span><span class=\"hps\">plastic<\/span>\u00a0<\/span><a href=\"https:\/\/docs.google.com\/document\/d\/1cBL50gR0shvnanrFfcpU958m0CpWXED3eV-nPmDqYiw\/edit?usp=sharing\"> &#8220;How to make an inflatable with wasted plastic&#8221;<\/a> (ENG)<\/li>\n<li><span id=\"result_box\" class=\"short_text\" lang=\"en\"><span class=\"hps\">Instructions to build a<\/span> v<span class=\"hps\">ertical<\/span> g<span class=\"hps\">arden<\/span><\/span><a href=\"http:\/\/pt.wikibooks.org\/wiki\/MootiroMaps\/Ideias_para_interven%C3%A7%C3%B5es_comunit%C3%A1rias\/Jardinagem_Urbana\">\u00a0&#8220;Jardim Vertical&#8221; <\/a>(POR)<\/li>\n<\/ul>\n","protected":false},"excerpt":{"rendered":"<p>Tire motocycle &#8220;Motocicleta de pneus&#8221; (POR) Tire Dodecadro&#8220;DodecaPNEUdro&#8221; (POR) Spiral structure &#8220;Estrutura espiral&#8221; (POR) Tire sofa (ESP) (POR) &nbsp; Tire [&hellip;]<\/p>\n","protected":false},"author":42,"featured_media":0,"parent":0,"menu_order":0,"comment_status":"closed","ping_status":"closed","template":"template-full-custom.php","meta":{"footnotes":""},"class_list":["post-29037","page","type-page","status-publish","hentry"],"_links":{"self":[{"href":"https:\/\/archive.basurama.org\/en\/wp-json\/wp\/v2\/pages\/29037","targetHints":{"allow":["GET"]}}],"collection":[{"href":"https:\/\/archive.basurama.org\/en\/wp-json\/wp\/v2\/pages"}],"about":[{"href":"https:\/\/archive.basurama.org\/en\/wp-json\/wp\/v2\/types\/page"}],"author":[{"embeddable":true,"href":"https:\/\/archive.basurama.org\/en\/wp-json\/wp\/v2\/users\/42"}],"replies":[{"embeddable":true,"href":"https:\/\/archive.basurama.org\/en\/wp-json\/wp\/v2\/comments?post=29037"}],"version-history":[{"count":6,"href":"https:\/\/archive.basurama.org\/en\/wp-json\/wp\/v2\/pages\/29037\/revisions"}],"predecessor-version":[{"id":29156,"href":"https:\/\/archive.basurama.org\/en\/wp-json\/wp\/v2\/pages\/29037\/revisions\/29156"}],"wp:attachment":[{"href":"https:\/\/archive.basurama.org\/en\/wp-json\/wp\/v2\/media?parent=29037"}],"curies":[{"name":"wp","href":"https:\/\/api.w.org\/{rel}","templated":true}]}}