{"id":29028,"date":"2021-03-05T10:32:25","date_gmt":"2021-03-05T10:32:25","guid":{"rendered":"https:\/\/basurama.org\/?page_id=29028"},"modified":"2021-03-08T20:02:12","modified_gmt":"2021-03-08T20:02:12","slug":"lectures","status":"publish","type":"page","link":"https:\/\/archive.basurama.org\/en\/lectures\/","title":{"rendered":"Lectures"},"content":{"rendered":"<p><iframe loading=\"lazy\" src=\"https:\/\/umap.openstreetmap.fr\/es\/map\/basurama-conferences_28624?scaleControl=false&amp;miniMap=false&amp;scrollWheelZoom=false&amp;zoomControl=true&amp;allowEdit=false&amp;moreControl=true&amp;datalayersControl=true&amp;onLoadPanel=undefined#2\/18.90\/3.96\" width=\"100%\" height=\"500px\" data-mce-fragment=\"1\"><span data-mce-type=\"bookmark\" style=\"display: inline-block; width: 0px; overflow: hidden; line-height: 0;\" class=\"mce_SELRES_start\">\ufeff<\/span><\/iframe><\/p>\n<p>No somos te\u00f3ricos, pero pensamos con otros sobre lo que hacemos. La teor\u00eda nos la pasamos por la pr\u00e1ctica. Incluso a veces escribimos y contamos ideas propias y ajenas.<\/p>\n<div class=\"cols-wrapper cols-2\">\n<div class=\"col\">\n<h2 class=\"cs-title cs-element cs-animate\">APRENDIENDO DEL ERROR<\/h2>\n<div class=\"video-wrap\"><iframe loading=\"lazy\" title=\"YOUNG SPANISH ARCHITECTS (4): Basurama from Madrid\" width=\"200\" height=\"113\" src=\"https:\/\/www.youtube.com\/embed\/Vhpw9Fdz4ss?feature=oembed\" frameborder=\"0\" allow=\"accelerometer; autoplay; clipboard-write; encrypted-media; gyroscope; picture-in-picture\" allowfullscreen><\/iframe><\/div>\n\n<p>OAF Pop-up. Galer\u00eda 0047. Oslo, Noruega.<\/p>\n<\/div>\n<div class=\"col nomargin\">\n<h2 class=\"cs-title cs-element cs-animate\">4 CONCEPTOS DE ARQUITECTURA ESPA\u00d1OLA HOY<\/h2>\n<div class=\"video-wrap\"><iframe loading=\"lazy\" title=\"YOUNG SPANISH ARCHITECTS (4): Basurama from Madrid\" width=\"200\" height=\"113\" src=\"https:\/\/www.youtube.com\/embed\/Vhpw9Fdz4ss?feature=oembed\" frameborder=\"0\" allow=\"accelerometer; autoplay; clipboard-write; encrypted-media; gyroscope; picture-in-picture\" allowfullscreen><\/iframe><\/div>\n\n<p>OAF Pop-up. Galer\u00eda 0047. Oslo, Noruega.<\/p>\n<\/div>\n<\/div>\n<p>Listado de conferencias en orden cronol\u00f3gico inverso por a\u00f1os.<\/p>\n<h2 class=\"page-heading\">2015<\/h2>\n<p>Ruinas de Lujo y Lujos Colectivos con los estudiantes del California College of Arts. Madrid, Espa\u00f1a.<br \/>\nConferencia sobre Basurama en el Museo W\u00fcrtz La Rioja. Logro\u00f1o, Espa\u00f1a.<br \/>\nJornadas de Cooperaci\u00f3n internacional y local, COAM. Madrid, Espa\u00f1a.<br \/>\nConferencia sobre Basurama Colegio Mayor Chaminade, Ciudad Universitaria. Madrid, Espa\u00f1a.<br \/>\nMaster de eventos culturales IED clases: Eventos Sostenibles y Responsabilidad Social Corporativa. Madrid, Espa\u00f1a.<br \/>\nConferencia \u201cLa ciudad y su territorio\u201d con los alumnos de la Universidad Javeriana de Colombia. Matadero Madrid. Madrid, Espa\u00f1a.<br \/>\nClase M\u00e1ster de Gesti\u00f3n Cultural de la Carlos III. M\u00f3dulo IV: Difusi\u00f3n: Comunicaci\u00f3n, P\u00fablicos y Educaci\u00f3n. Mayo 2015.<br \/>\nParticipamos en la Jornada \u201cLa ciudad que queremos\u201d invitados por Pandora Mirabilia junto con EL paseo de Jane y Carabancheleando. Coslada, Madrid. Mayo 2015.<br \/>\nCurso de Gesti\u00f3n y Cultura contempor\u00e1nea en La Casa Encendida. Febrero 2015.<br \/>\nConferencia sobre Basurama en CIDEA. La Coru\u00f1a, Espa\u00f1a.<br \/>\nJornadas: Defiende el Patio, Construye Madrid. Madrid, Espa\u00f1a.<br \/>\nMesa redonda &#8220;Citizen Science and Public engagement&#8221;.Visualizing waste and public engagement. Basurama Projects. 2nd Barcelona Citizen Science Day. Barcelona, Espa\u00f1a.<\/p>\n<h2 class=\"page-heading\">2014<\/h2>\n<p>Conferencia Cape Town Institute for Architecture. Cape Town, Sud\u00e1frica.<br \/>\nConferencia \u201cBasurama, sobre el emprendimiento\u201d. Fundaci\u00f3n Cr\u00e9ate. Madrid, Espa\u00f1a.<br \/>\nConferencia \u201cAutobarrios: nuevos desarrollos urbanos comunitarios\u201d. Curso Nuevas Ciudades Nuevo Urbanismo, Universidad Internacional Men\u00e9ndez Pelayo. Santander, Espa\u00f1a.<br \/>\nConferencia \u201cLa teor\u00eda me la paso por la pr\u00e1ctica\u201d. Master de Proyectos Avanzados de la Escuela T\u00e9cnica Superior de Arquitectura de Madrid. Madrid, Espa\u00f1a.<br \/>\nConferencia \u201cSobre la transformaci\u00f3n de la ciudad: c\u00f3mo se define la gran ciudad y qu\u00e9 papel sigue jugando el arte en las pol\u00edticas urbanas\u201d. Feria del Libro de Frankfurt. Frankfurt,Alemania.<br \/>\nSENEMAU (Semin\u00e1rio Nacional de Escrit\u00f3rios Modelo de Arquitetura e Urbanismo). Florian\u00f3polis, Brasil.<br \/>\nConferencia CIDADE LIXO. Seminario MultipliCidades: Cartografiando a produ\u00e7\u00e3o do comum no espa\u00e7o contempor\u00e2neo. Belo Horizonte, Brasil.<br \/>\nConferencia \u201cSoy arquitecto \u00bfqu\u00e9 puedo hacer?\u201d. Summer school de la Universidad Francisco de Vitoria. Madrid, Espa\u00f1a.<br \/>\nConferencia \u201cArquitectura Social y a la Autoconstrucci\u00f3n\u201d. III Jornadas T\u00e9cnicas Internacionales de la Escuela Polit\u00e9cnica Superior de la Universidad de Girona. Girona, Espa\u00f1a.<br \/>\nConferencia \u201cEcodise\u00f1o de basura\u201d. Escuela Superior de Dise\u00f1o. Madrid, Espa\u00f1a.<br \/>\nConferencia \u201cBasurama\u201d. Colegio Arquitectos de Huelva. Huelva, Espa\u00f1a.<br \/>\nComunicaci\u00f3n, p\u00fablicos y educaci\u00f3n. M\u00e1ster en Gesti\u00f3n Cultural de la Universidad Carlos III de Madrid. Madrid, Espa\u00f1a.<br \/>\n<a href=\"\/?p=24917\">Sobre nuestra capacidad de imaginaci\u00f3n pol\u00edtica para el espacio p\u00fablico.<\/a> Texto para el VII CIOT, organizado por FUNDICOT. Madrid, noviembre de 2014. <a href=\"https:\/\/www.dropbox.com\/s\/p0e71sp59quzykq\/Basurama-paraPAISEA.pdf?dl=0\">Versi\u00f3n reducida (y centrada en La Noche en Blanco 2010) <\/a>escrita para el n\u00famero de 2015 de la revista PAISEA.<br \/>\n<strong><a href=\"\/?p=17056\">Documenting from the Sky. Mapping with baloons in Castell\u00f3n and buildinga community<\/a><\/strong>. Joint Research Centre de la Comisi\u00f3n Europea. Ispra, Italia. 2014.<\/p>\n<h2 class=\"page-heading\">2013<\/h2>\n<p>Conferencia \u201cLa cultura del Ayuntamiento de Madrid como empresa constructora\u201d. La Casa Encendida. Madrid, Espa\u00f1a.<br \/>\nConferencia \u201cPaisajes despu\u00e9s de la batalla\u201d. 3r encuentro de paisajismo en la universidad de Valencia. Valencia, Espa\u00f1a.<br \/>\nConferencia &#8220;Econom\u00eda Colaborativa y Ciudadanos Prosumers&#8221;. Think Cities. Madrid, Espa\u00f1a.<br \/>\nConferencia \u201cLow cost Cities\u201d. Facultad de Arquitectura y Dise\u00f1o de la Universidad Javeriana de Bogot\u00e1. Madrid, Espa\u00f1a.<br \/>\nConferencia \u201cAutobarrios San Cristobal\u201d. Jornadas de #OPENmadrid Arquitectura abierta para la ciudad. Madrid, Espa\u00f1a.<br \/>\nClases \u201cSostenibilidad m\u00e1s all\u00e1 de capitalismo salvaje\u201d y Eventos Sostenibles: \u201cAprendamos a separar el trigo de la paja\u201d. M\u00e1ster de Organizaci\u00f3n, Direcci\u00f3n y Gesti\u00f3n de Eventos. Instituto Europeo Dise\u00f1o. Madrid, Espa\u00f1a.<br \/>\nEncuentro Universidad Popular de los Movimientos Sociales. Madrid, Espa\u00f1a.<br \/>\nConferencia \u201csobre Basurama\u201d. Master de Art, Culture and Technology del MIT. Boston, EEUU.<br \/>\nConferencia &#8220;Basurama y el deseo de hacer arquitectura&#8221;. Ciclo de Arquitectura, CM Hernando Leon. Sevilla, Espa\u00f1a.<br \/>\nMesa redonda: \u201cConstruyendo capacidades colectivas\u201d. Escola d\u2019Art i Disseny Pau Gargallo de Badalona. Barcelona, Espa\u00f1a.<br \/>\nConferencia \u201csobre Basurama\u201d. Master Universitario en Arquitectura Avanzada, Paisaje, Urbanismo y Dise\u00f1o, Escuela de Arquitectura de la Universidad Polit\u00e9cnica de Valencia. Valencia, Espa\u00f1a.<br \/>\nConferencia \u201cAcciones para\/desde la participaci\u00f3n social\u201d. Microencuentro de Tejiendo Redes. Madrid, Espa\u00f1a.<br \/>\nConferencia \u201c<a href=\"https:\/\/www.youtube.com\/watch?v=Vhpw9Fdz4ss\">Logic of abundance<\/a>\u201d. Oaf Pop-Up: young spanish architects. Galer\u00eda 0047. Oslo, Noruega.<br \/>\n<span id=\"result_box\" class=\"\" lang=\"es\"><span class=\"hps\">Basurama<\/span>: <span class=\"hps\">un marco para dise\u00f1ar<\/span> <span class=\"hps\">en conjunto<\/span> <span class=\"hps\">con los residuos <\/span><\/span><a class=\"\" title=\"Permalink to Basurama: a framework for designing collectively with waste\" href=\"\/?p=6294\" rel=\"bookmark\">\u201cBasurama: a framework for designing collectively with waste\u201d<\/a>. Pablo Rey Maz\u00f3n. Presentado en el Reclaim and Remake International Symposium, Washington, DC (EEUU).<br \/>\nConferencia \u201cReuse\u201d. Creative Mornings. Madrid, Espa\u00f1a.<br \/>\nConferencia \u201cAutobarrios San Cristobal\u201d. ACetsam. Madrid, Espa\u00f1a.<br \/>\nConferencia\u201d Low cost cities\u201d. MA in Social Practice and the Creative Environment (SPACE). Limerick School of Art and Design. Limerick, Irlanda.<\/p>\n<h2 class=\"page-heading\">2012<\/h2>\n<p>Conferencia \u201cMoverse sin modelo\u201d. Login Madrid. Madrid, Espa\u00f1a.<br \/>\nConferencia \u201cA Trabajah!\u201d. Seminario Tecnociudadan\u00eda y procom\u00fan II, Universidad Rey Juan Carlos. Madrid, Espa\u00f1a.<br \/>\nCONAMA (11 Congreso Nacional del Medio Ambiente). Madrid, Espa\u00f1a.<br \/>\nExposici\u00f3n colectiva \u2018Living as Form, the nomadic version\u2019, Creative Time. McDonough Museum of Art (Youngstown, OH, USA); Kadis Art Foundation ( San Francisco, CA, USA); Videotage (Kowloon, Hong Kong).<br \/>\nConferencia \u201cMultiformato\/Multiaprendizaje en los proyectos de Basurama\u201d. Caf\u00e9 Moderno. Madrid, Espa\u00f1a.<br \/>\nConferencia \u201cAutoparques. Procesos de construcci\u00f3n colectiva en las escuelas.\u201d 1r Congr\u00e9s h\u00edbrid entre Art, Ci\u00e8ncies i Educaci\u00f3. Lleida, Espa\u00f1a.<br \/>\nConferencia \u201cArquitecturas ef\u00edmeras para preguntas permanentes\u201d. Escuela T\u00e9cnica Superior de Arquitectura de Madrid. Madrid, Espa\u00f1a.<br \/>\nConferencia \u201cSuperar-quitects\u201d. Universidad Europea de Madrid.Madrid, Espa\u00f1a.<br \/>\nConferencia \u201c\u00a1La Basura No Existe!\u201d. TEDxMadrid 2012 The public square. Madrid, Espa\u00f1a.<br \/>\nConferencia \u201cConfianza Con amor\u201d. Articuladores tejeRedes. Madrid, Espa\u00f1a.<br \/>\nConferencia \u201cCiudades de Bajo Presupuesto\u201d. Escuela de Arquitectura de Estocolmo \u201cStockholm on the Move\u201d. Estocolmo, Suecia.<br \/>\nConferencia \u201cGesti\u00f3n cultural, gesti\u00f3n relacional\u201d. VI Curso de Gesti\u00f3n Cultural de la Escuela de las Artes, C\u00edrculo de Bellas Artes y la Universidad Carlos III de Madrid. Madrid, Espa\u00f1a.<br \/>\nConferencia \u201cAUTOgesti\u00f3nADOS\u201d. Facultad de Arquitectura, Dise\u00f1o y Urbanismo (FADU), Universidad de Buenos Aires (UBA). Buenos Aires, Argentina.<br \/>\nConferencia \u201cSomos Basura (\u00a1y cultura, y vida, y ciudad!) \u00f3 de c\u00f3mo seguir siendo un eterno alumno\u201d. Universidad de Palermo. Buenos Aires, Argentina.<br \/>\nConferencia \u201c<a href=\"https:\/\/www.youtube.com\/watch?v=axCY_X0Vy2U\">Aprendiendo del error<\/a>\u201d. Seminarios Hacking.Academy.Studio, Centro de Ciencias Humanas y Sociales \u2013 Consejo Superior de Investigaciones Cient\u00edficas. Madrid. Espa\u00f1a.<br \/>\nConferencia \u201cBasurama \u201cIn &amp; Out\u201d \u2013 Ten Years on Tour\u201d. American University of Beirut, Faculty of Engineering and Architecture. Beirut, L\u00edbano.<\/p>\n<h2 class=\"page-heading\">2011<\/h2>\n<p>Conferencia \u201cLa negaci\u00f3n del ocio\u201d. V Jornadas de Publicidad \u201cC\u00f3mo vender Cultura\u201d Universidad Rey Juan Carlos de Madrid. Madrid, Espa\u00f1a.<br \/>\nJornadas formativas de desarrollo socio juvenil. Escuela de Animaci\u00f3n de la Comunidad de Madrid, Parla. Madrid, Espa\u00f1a.<br \/>\nConferencia Facultad de Ciencias de la Educaci\u00f3n. Lleida, Espa\u00f1a.<br \/>\nConferencia Basurama. Semana Cultural ETSAM 2011. Madrid, Espa\u00f1a.<br \/>\nMesa Redonda\/Debate en torno a la optimizaci\u00f3n de los recursos, el sistema horizontal y los colectivos, Biocultura. Madrid, Espa\u00f1a.<br \/>\nSeminario sobre participaci\u00f3n urbana, MA Design. European Pathways, ELISAVA. Barcelona, Espa\u00f1a.<br \/>\nConferencia &#8220;Distorsiones urbanas provocadas e imprevistas&#8221;. Escuela de las Artes, C\u00edrculo de Bellas Artes. Madrid, Espa\u00f1a.<br \/>\nConferencia: \u201cBasurama. Our visi\u00f3n, our work\u201d. Departamento de Arquitectura y Planeamiento Urbano, Universidad de Gante. Gante, B\u00e9lgica.<br \/>\nMesa redonda: \u201cClosed Loop 102: Adopting a Zero Waste Approach\u201d. MIT Sustainability Summit 2011. Cambridge, Massachusetts. Boston, EEUU.<br \/>\nConferencia \u201cRecogida y tratamiento de residuos\u201d. Casa de la cultura de Alag\u00f3n, Federaci\u00f3n Aragonesa de Municipios, Comarcas y Provincias (FAMCP). Arag\u00f3n, Espa\u00f1a.<br \/>\nConferencia: \u201cCreatividad Urbana\u201d. Centro Municipal Puertas de Castilla. Murcia, Espa\u00f1a.<br \/>\nMesa redonda: \u201cFrom Landscapes of Extraction to Creative Industries of Organic Matter and Waste\u201d. GSD Harvard. Boston, EEUU.<br \/>\nConferencia: &#8220;Ef\u00edmeras: Alternativas habitables&#8221;. Madrid, Espa\u00f1a.<br \/>\nMesa redonda: &#8220;M\u00e9todos: sobre m\u00e9todos arquitect\u00f3nicos en Tabacalera\u201d. Madrid, Espa\u00f1a.<br \/>\n<a title=\"Approaches to waste. 2001-2011\" href=\"\/?p=4700\" target=\"_blank\" rel=\"noopener\">Approaches to waste. 2001-2011<\/a>. Graduate School of Design Harvard, Cambridge MA, EE.UU. 2011.<\/p>\n<h2 class=\"page-heading\">2010<\/h2>\n<p>Conferencia \u201cEmergentes, emergencias, administraci\u00f3n y otras actitudes cotidianas para intervenir en Madrid\u201d. Club de Debates Urbanos, En el Circulo de Bellas Artes. Madrid, Espa\u00f1a.<br \/>\nConferencia en el Forum Global de sustentabilidade del Festival SWU (start with you). Sao Paulo, Brasil.<br \/>\nConferencia &#8220;Ciudades audaces&#8221;.Festival Madrid Futuro (FMF). III Congreso Internacial de arquitectura CONSTRUTEC COAM. Central de Dise\u00f1o del Matadero. Madrid, Espa\u00f1a.<br \/>\nConferencia \u201cConsumo, atrac\u00f3n y peritonis\u201d. CDAN, Centro de Arte y Naturaleza. Huesca, Espa\u00f1a.<br \/>\nConferencia \u201cDise\u00f1o, Arte y Sociedad\u201d. Fundaci\u00f3 Privada Elisava Escola Universit\u00e0ria. Barcelona, Espa\u00f1a.<br \/>\nConferencia \u201cLas Aventuras de Basurama en la era de los residuos\u201d. V Jornadas de Dise\u00f1o de Moda. Escuela de Arte y Superior de Dise\u00f1o y C.R.B.C de Burgos. Burgos, Espa\u00f1a.<br \/>\nConferencia \u201c10 a\u00f1os tras el coraz\u00f3n de la basura\u201d. Instituto Europeo de Dise\u00f1o. Madrid, Espa\u00f1a.<br \/>\nClases &#8220;Dise\u00f1o a trav\u00e9s de la empresa&#8221;. Instituto Europeo de Dise\u00f1o. Madrid, Espa\u00f1a.<\/p>\n<h2 class=\"page-heading\">2009<\/h2>\n<p>Jornadas UrbanLAB. Galer\u00eda la Factor\u00eda. Santiago de Compostela, Espa\u00f1a.<br \/>\nMesa redonda: \u201cEspacio Urbano\u201d. Jornadas ID barrio. Institut de Cultura de Barcelona. Barcelona, Espa\u00f1a.<br \/>\nConferencia \u00bfQu\u00e9 es basura?. Universidad Alcal\u00e1 de Henares. Madrid, Espa\u00f1a.<br \/>\nConferencia Madrid, \u00a1Piensa!. La Casa Encendida. Madrid, Espa\u00f1a.<br \/>\nConferencia Campo de batalla\/Oportunidades. Encuentros Internaciones de Cabue\u00f1es. Gij\u00f3n, Espa\u00f1a.<br \/>\nConferencia Arte e reciclagem instrumento de ciudadan\u00eda. Casa de Am\u00e9rica Latina. Universidade de Brasilia. Brasiliia, Brasil.<br \/>\nMesa redonda Las Alternativas. Congreso de Arquitectos de Espa\u00f1a. Valencia, Espa\u00f1a.<br \/>\nConferencia Moda \u00c9tica. Universidad Polit\u00e9cnica de Madrid. La Granja. Madrid, Espa\u00f1a.<br \/>\nConferencia Proyecto 6.000 km. Universidad Felipe II. Madrid, Espa\u00f1a.<br \/>\nConferencia Basurama: \u00daltimos proyectos. Instituto Europeo di Design Madrid. Madrid, Espa\u00f1a.<br \/>\nConferencia Proyectos de Basurama en el \u00e1mbito educativo y del dise\u00f1o. Universidad Extremadura UNEX. C\u00e1ceres, Espa\u00f1a.<br \/>\nConferencia Modelos contempor\u00e1neos de acci\u00f3n urbana. Universidad de Palermo. Lima, Per\u00fa.<br \/>\nConferencia \u00bfEs Sostenible la sostenibilidad?. Galer\u00eda Salvador D\u00edaz. Madrid, Espa\u00f1a.<br \/>\nSimposio Arte, Arquitectura y desarrollo sostenible. Mumbai Festival. Institute Rachana Sansud. Mumbai, India.<\/p>\n<h2 class=\"page-heading\">2008<\/h2>\n<p>Conferencia Recent projets. Fakultet for arkitektur og billedkunst. Trondheim, Noruega.<br \/>\nConferencia Mobiliario urbano a partir de residuos. Universidad de Granada. Granada. Granada, Espa\u00f1a.<br \/>\nConferencia Dise\u00f1o para cambiar la mirada. Instituto Europeo di Design Madrid. Madrid, Espa\u00f1a.<\/p>\n","protected":false},"excerpt":{"rendered":"<p>\ufeff No somos te\u00f3ricos, pero pensamos con otros sobre lo que hacemos. La teor\u00eda nos la pasamos por la pr\u00e1ctica. [&hellip;]<\/p>\n","protected":false},"author":42,"featured_media":0,"parent":0,"menu_order":0,"comment_status":"closed","ping_status":"closed","template":"template-full-custom.php","meta":{"footnotes":""},"class_list":["post-29028","page","type-page","status-publish","hentry"],"_links":{"self":[{"href":"https:\/\/archive.basurama.org\/en\/wp-json\/wp\/v2\/pages\/29028","targetHints":{"allow":["GET"]}}],"collection":[{"href":"https:\/\/archive.basurama.org\/en\/wp-json\/wp\/v2\/pages"}],"about":[{"href":"https:\/\/archive.basurama.org\/en\/wp-json\/wp\/v2\/types\/page"}],"author":[{"embeddable":true,"href":"https:\/\/archive.basurama.org\/en\/wp-json\/wp\/v2\/users\/42"}],"replies":[{"embeddable":true,"href":"https:\/\/archive.basurama.org\/en\/wp-json\/wp\/v2\/comments?post=29028"}],"version-history":[{"count":4,"href":"https:\/\/archive.basurama.org\/en\/wp-json\/wp\/v2\/pages\/29028\/revisions"}],"predecessor-version":[{"id":29098,"href":"https:\/\/archive.basurama.org\/en\/wp-json\/wp\/v2\/pages\/29028\/revisions\/29098"}],"wp:attachment":[{"href":"https:\/\/archive.basurama.org\/en\/wp-json\/wp\/v2\/media?parent=29028"}],"curies":[{"name":"wp","href":"https:\/\/api.w.org\/{rel}","templated":true}]}}