{"id":22342,"date":"2015-02-23T17:15:11","date_gmt":"2015-02-23T17:15:11","guid":{"rendered":"https:\/\/basurama.org\/?page_id=22342"},"modified":"2021-03-06T22:51:38","modified_gmt":"2021-03-06T22:51:38","slug":"home","status":"publish","type":"page","link":"https:\/\/archive.basurama.org\/en\/","title":{"rendered":"Portada"},"content":{"rendered":"<div class=\"section-full-width section-light\" style=\"background-color:#ffffff;\" id=\"section-1\"><div class=\"section-boxed\" style=\"color:#777777;\"><\/p>\n<div class=\"\">\n<div class=\"col\">\n<p style=\"text-align: justify;\">Basurama es un colectivo dedicado a la investigaci\u00f3n, creaci\u00f3n y producci\u00f3n cultural y medioambiental fundado en 2001 que ha centrado su \u00e1rea de estudio y actuaci\u00f3n en los procesos productivos, la generaci\u00f3n de desechos que \u00e9stos implican y las posibilidades creativas que suscitan estas coyunturas contempor\u00e1neas.<\/p>\n<p style=\"text-align: justify;\">Nacido en la <strong>Escuela de Arquitectura de Madrid<\/strong> ha ido evolucionando y adoptando nuevas formas desde sus or\u00edgenes. Pretende estudiar fen\u00f3menos inherentes a la producci\u00f3n masiva de basura real y virtual en la sociedad de consumo aportando nuevas visiones que act\u00faen como generadores de pensamiento y actitud. Detecta resquicios dentro de estos procesos de generaci\u00f3n y consumo que no s\u00f3lo plantean interrogantes sobre nuestra forma de explotar los recursos, sino tambi\u00e9n sobre nuestra forma de pensar, de trabajar, de percibir la realidad.<\/p>\n<p style=\"text-align: justify;\">Basurama se ha propuesto encontrar los residuos all\u00ed donde no ser\u00eda tan obvio hallarlos y estudiar la basura en todos sus formatos. Se ha convertido en un espacio pluridisciplinar en el que se desarrollan simult\u00e1neamente actividades dispares pero con un enfoque com\u00fan. Tienen cabida, junto a las artes visuales en su m\u00e1s amplia acepci\u00f3n, todo tipo de talleres, ponencias, conciertos, proyecciones y publicaciones.<\/p>\n<p style=\"text-align: justify;\">Tambi\u00e9n pretende establecer una plataforma para que entren en contacto y trabajen juntos personajes del entramado social que ocupan lugares muy diferentes y sin embargo no est\u00e1n muy alejados, consider\u00e1ndose tambi\u00e9n como un nodo creativo- espacio de encuentro. Ha realizado m\u00e1s de 100 proyectos en cuatro continentes, tiene su base en Madrid y una oficina permanente en Bilbao (Espa\u00f1a).<\/p>\n<p><a class=\"button\" href=\"\/basurama\/\">Con\u00f3cenos<\/a><\/p>\n<\/div>\n<\/div>\n<p>\n<\/div><\/div>\n<div class=\"section-full-width section-light-bg\" style=\"background-color:#f7f7f7;\" id=\"\u00daltimosproyectos\"><div class=\"section-boxed\" style=\"color:#373737;\"><h2 class=\"section-title\" style=\"color:#252525;\">\u00daltimos Proyectos<\/h2><div class=\"portfolio-list cols-wrapper cols-3\">\r\n<div class=\"pc-item col\"><a href=\"https:\/\/archive.basurama.org\/en\/projects\/consumption-linee-_-a-tribute-to-piero-manzoni\/\" title=\"Consumption Linee _ a tribute to Piero Manzoni\"><div class=\"pg-img-wrapper\"><span class=\"icon-circle\"><span class=\"pg-icon lightbox-icon\"><\/span><\/span><img decoding=\"async\" src=\"https:\/\/archive.basurama.org\/wp-content\/uploads\/2024\/05\/1_-768x576.jpg\" alt=\"\"><\/div><div class=\"pg-info\"><div class=\"pg-details\"><h2>Consumption Linee _ a tribute to Piero Manzoni<\/h2><span class=\"pg-categories\">Exhibition and Installation<\/span><\/div><\/div><\/a><\/div>\r\n\r\n<div class=\"pc-item col\"><a href=\"https:\/\/archive.basurama.org\/en\/projects\/scion\/\" title=\"Scion\"><div class=\"pg-img-wrapper\"><span class=\"icon-circle\"><span class=\"pg-icon lightbox-icon\"><\/span><\/span><img decoding=\"async\" src=\"https:\/\/archive.basurama.org\/wp-content\/uploads\/2024\/01\/a_IMG_20231108_154057-768x578.jpg\" alt=\"\"><\/div><div class=\"pg-info\"><div class=\"pg-details\"><h2>Scion<\/h2><span class=\"pg-categories\">Exhibition and Installation<\/span><\/div><\/div><\/a><\/div>\r\n\r\n<div class=\"pc-item col\"><a href=\"https:\/\/archive.basurama.org\/en\/projects\/made-in-group-exhibition-inventing-a-different-world\/\" title=\"MADE IN. Group exhibition: Fables for a different world.\"><div class=\"pg-img-wrapper\"><span class=\"icon-circle\"><span class=\"pg-icon lightbox-icon\"><\/span><\/span><img decoding=\"async\" src=\"https:\/\/archive.basurama.org\/wp-content\/uploads\/2024\/11\/IMG_0052-scaled-1-768x512.jpg\" alt=\"\"><\/div><div class=\"pg-info\"><div class=\"pg-details\"><h2>MADE IN. Group exhibition: Fables for a different world.<\/h2><span class=\"pg-categories\">Exhibition and Installation<\/span><\/div><\/div><\/a><\/div>\r\n\r\n<div class=\"pc-item col\"><a href=\"https:\/\/archive.basurama.org\/en\/projects\/re-crea\/\" title=\"Re-crea\"><div class=\"pg-img-wrapper\"><span class=\"icon-circle\"><span class=\"pg-icon lightbox-icon\"><\/span><\/span><img decoding=\"async\" src=\"https:\/\/archive.basurama.org\/wp-content\/uploads\/2023\/09\/FkqmScuXkAAADQV-1-768x512.jpg\" alt=\"\"><\/div><div class=\"pg-info\"><div class=\"pg-details\"><h2>Re-crea<\/h2><span class=\"pg-categories\">Self-<\/span><\/div><\/div><\/a><\/div>\r\n\r\n<div class=\"pc-item col\"><a href=\"https:\/\/archive.basurama.org\/en\/projects\/invisible-drifts\/\" title=\"Invisible Drifts\"><div class=\"pg-img-wrapper\"><span class=\"icon-circle\"><span class=\"pg-icon lightbox-icon\"><\/span><\/span><img decoding=\"async\" src=\"https:\/\/archive.basurama.org\/wp-content\/uploads\/2024\/11\/2-1-768x1023.jpg\" alt=\"\"><\/div><div class=\"pg-info\"><div class=\"pg-details\"><h2>Invisible Drifts<\/h2><span class=\"pg-categories\">Installation<\/span><\/div><\/div><\/a><\/div>\r\n\r\n<div class=\"pc-item col\"><a href=\"https:\/\/archive.basurama.org\/en\/projects\/30323\/\" title=\"Memory Transfer Laboratory\"><div class=\"pg-img-wrapper\"><span class=\"icon-circle\"><span class=\"pg-icon lightbox-icon\"><\/span><\/span><img decoding=\"async\" src=\"https:\/\/archive.basurama.org\/wp-content\/uploads\/2024\/11\/laboratorio-de-memoria_02-1-768x512.jpg\" alt=\"\"><\/div><div class=\"pg-info\"><div class=\"pg-details\"><h2>Memory Transfer Laboratory<\/h2><span class=\"pg-categories\">Installation<\/span><\/div><\/div><\/a><\/div>\r\n<\/div>\n<p><a class=\"button\" href=\"\/all-projects\/\/\">More projects<\/a><\/p>\n<p>\n<\/div><\/div>\n","protected":false},"excerpt":{"rendered":"","protected":false},"author":1,"featured_media":0,"parent":0,"menu_order":0,"comment_status":"closed","ping_status":"closed","template":"template-full-custom.php","meta":{"footnotes":""},"class_list":["post-22342","page","type-page","status-publish","hentry"],"_links":{"self":[{"href":"https:\/\/archive.basurama.org\/en\/wp-json\/wp\/v2\/pages\/22342","targetHints":{"allow":["GET"]}}],"collection":[{"href":"https:\/\/archive.basurama.org\/en\/wp-json\/wp\/v2\/pages"}],"about":[{"href":"https:\/\/archive.basurama.org\/en\/wp-json\/wp\/v2\/types\/page"}],"author":[{"embeddable":true,"href":"https:\/\/archive.basurama.org\/en\/wp-json\/wp\/v2\/users\/1"}],"replies":[{"embeddable":true,"href":"https:\/\/archive.basurama.org\/en\/wp-json\/wp\/v2\/comments?post=22342"}],"version-history":[{"count":4,"href":"https:\/\/archive.basurama.org\/en\/wp-json\/wp\/v2\/pages\/22342\/revisions"}],"predecessor-version":[{"id":29081,"href":"https:\/\/archive.basurama.org\/en\/wp-json\/wp\/v2\/pages\/22342\/revisions\/29081"}],"wp:attachment":[{"href":"https:\/\/archive.basurama.org\/en\/wp-json\/wp\/v2\/media?parent=22342"}],"curies":[{"name":"wp","href":"https:\/\/api.w.org\/{rel}","templated":true}]}}